{"id":75,"date":"2019-03-27T10:19:31","date_gmt":"2019-03-27T13:19:31","guid":{"rendered":"https:\/\/unsedri.com\/?page_id=75"},"modified":"2024-10-06T21:26:18","modified_gmt":"2024-10-07T00:26:18","slug":"pila","status":"publish","type":"page","link":"https:\/\/dri.unse.edu.ar\/?page_id=75","title":{"rendered":"PILA"},"content":{"rendered":"[et_pb_section fb_built=&#8221;1&#8243; admin_label=&#8221;section&#8221; _builder_version=&#8221;4.27.0&#8243; hover_enabled=&#8221;0&#8243; global_colors_info=&#8221;{}&#8221; background_color=&#8221;#ffffff&#8221; sticky_enabled=&#8221;0&#8243;][et_pb_row admin_label=&#8221;row&#8221; _builder_version=&#8221;4.16&#8243; background_size=&#8221;initial&#8221; background_position=&#8221;top_left&#8221; background_repeat=&#8221;repeat&#8221; global_colors_info=&#8221;{}&#8221;][et_pb_column type=&#8221;4_4&#8243; _builder_version=&#8221;4.16&#8243; custom_padding=&#8221;|||&#8221; global_colors_info=&#8221;{}&#8221; custom_padding__hover=&#8221;|||&#8221;][et_pb_text admin_label=&#8221;Text&#8221; _builder_version=&#8221;4.16&#8243; background_size=&#8221;initial&#8221; background_position=&#8221;top_left&#8221; background_repeat=&#8221;repeat&#8221; global_colors_info=&#8221;{}&#8221;]\n<figure class=\"wp-block-image size-full\"><img loading=\"lazy\" decoding=\"async\" width=\"300\" height=\"100\" src=\"https:\/\/dri.unse.edu.ar\/wp-content\/uploads\/2024\/09\/logo-pila-2021-100-300x100-1.jpg\" alt=\"\" class=\"wp-image-1862\"\/><\/figure>\n\n\n<p><a href=\"https:\/\/vinculacion.unse.edu.ar\/\" target=\"_blank\" rel=\"noopener noreferrer\"><br \/><\/a><strong>PROGRAMA DE INTERCAMBIO ACAD\u00c9MICO LATINOAMERICANO (PILA)<\/strong><a href=\"https:\/\/www.programapila.lat\/sistema-de-gestion\/\" target=\"_blank\" rel=\"nofollow noopener noreferrer\" data-text=\"Programa Pila\"><br \/>ACCESO AL SISTEMA DE GESTION<br \/><\/a><\/p>\n<p>El Programa PILA de intercambio acad\u00e9mico nace de un acuerdo firmado en el a\u00f1o 2018 entre el Consejo Interuniversitario Nacional de la Rep\u00fablica Argentina (CIN), la Asociaci\u00f3n Colombiana de Universidades (ASCUN) y la Asociaci\u00f3n Nacional de Universidades e Instituciones de Educaci\u00f3n Superior de M\u00e9xico (ANUIES) con el objeto de promover el intercambio de estudiantes de carreras de grado y posgrado, as\u00ed como de acad\u00e9micos, investigadores y gestores de las universidades e instituciones de educaci\u00f3n superior asociadas, con el fin de enriquecer su formaci\u00f3n acad\u00e9mica, profesional e integral, as\u00ed como promover la internacionalizaci\u00f3n de la educaci\u00f3n superior y fortalecer los lazos de cooperaci\u00f3n.<\/p>\n<p>En agosto de 2020, el Programa PILA abri\u00f3 una nueva modalidad de participaci\u00f3n para incorporar los intercambios virtuales entre las universidades participantes denominada PILAVirtual.<\/p>\n<p>En marzo de 2021, el Programa PILAVirtual ampli\u00f3 su membres\u00eda para incorporar a las asociaciones de universidades y consejos de rectores de Chile, Cuba, Nicaragua, Brasil y Uruguay.<\/p>\n<p>Actualmente es un consorcio de 8 pa\u00edses de Am\u00e9rica Latina y el Caribe y 222 instituciones educativas.<\/p>\n<h4>DOCUMENTACI\u00d3N REQUERIDA PARA SOLICITAR LA MOVILIDAD<\/h4>\n<ul>\n<li>Formulario de Participaci\u00f3n (<a href=\"https:\/\/unsedri.com\/wp-content\/uploads\/2019\/03\/Formulario-2019.doc\" target=\"_blank\" rel=\"noopener noreferrer\">DESCARGA<\/a>)<a href=\"http:\/\/www.unse.edu.ar\/repositorio\/arrii\/Formulario%20JIMA.doc\">;<\/a><\/li>\n<li>Contrato de Estudios(<a href=\"https:\/\/unsedri.com\/wp-content\/uploads\/2019\/06\/Learning-Agreement-UNSE.doc\" target=\"_blank\" rel=\"noopener noreferrer\">DESCARGA<\/a>)<a href=\"http:\/\/www.unse.edu.ar\/repositorio\/arrii\/Formulario%20JIMA.doc\">;<\/a><\/li>\n<li>Certificado Anal\u00edtico actualizado;<\/li>\n<li>Certificado de Alumno Regular actualizado;<\/li>\n<li>Fotocopia del DNI y del pasaporte en vigor si lo tuviere.<\/li>\n<li>Foto carnet (4&#215;4);<\/li>\n<li>Certificado m\u00e9dico de que no padece enfermedades infecto-contagiosas, puede ser expedido por m\u00e9dico de cabecera bajo responsabilidad de brindar informaci\u00f3n certera;<\/li>\n<li>Carta de motivaci\u00f3n: dirigida a Arq. Graciela Cazaux de Castiglione explicando las razones por las que te gustar\u00eda ser elegido y el impacto que tendr\u00e1 a nivel personal y en su carrera universitaria.<\/li>\n<\/ul>\n<p>M\u00e1s informaci\u00f3n:<\/p>\n<p>Por mail a :<\/p>\n<ul>\n<li><a href=\"mailto:mgcastig@unse.edu.ar\">mgcastig@unse.edu.ar<\/a><\/li>\n<li>jmreyes@unse.edu.ar<\/li>\n<li><a href=\"mailto:relacionesinternacionales@unse.edu.ar\">relacionesinternacionales@unse.edu.ar<\/a><\/li>\n<\/ul>\n<p>O bien personalmente en la oficina de la Direcci\u00f3n General de Relaciones Internacionales de la UNSE<\/p>\n<h4>MOVILIDAD GESTORES Y ACAD\u00c9MICOS<\/h4>\n<p>Tiene el fin de enriquecer su formaci\u00f3n acad\u00e9mica, profesional e integral, as\u00ed como promover la internacionalizaci\u00f3n de la educaci\u00f3n superior y fortalecer los lazos de cooperaci\u00f3n entre Colombia, M\u00e9xico y Argentina.<\/p>\n<p>Los destinatarios son los docentes (tanto profesores como auxiliares), Investigadores y el personal de gesti\u00f3n y no docente de la UNSE. Los seleccionados realizan una movilidad con financiamiento para promover acciones de cooperaci\u00f3n interinstitucional, el intercambio de docentes e Investigadores y la capacitaci\u00f3n de gestores de actividades de internacionalizaci\u00f3n de las instituciones.<\/p>\n<p>\u00a0<\/p>\n<p><a role=\"button\" href=\"#top\">\u00a0<\/a><\/p>[\/et_pb_text][\/et_pb_column][\/et_pb_row][\/et_pb_section]","protected":false},"excerpt":{"rendered":"<p>PROGRAMA DE INTERCAMBIO ACAD\u00c9MICO LATINOAMERICANO (PILA)ACCESO AL SISTEMA DE GESTION El Programa PILA de intercambio acad\u00e9mico nace de un acuerdo firmado en el a\u00f1o 2018 entre el Consejo Interuniversitario Nacional de la Rep\u00fablica Argentina (CIN), la Asociaci\u00f3n Colombiana de Universidades (ASCUN) y la Asociaci\u00f3n Nacional de Universidades e Instituciones de Educaci\u00f3n Superior de M\u00e9xico (ANUIES) [&hellip;]<\/p>\n","protected":false},"author":1,"featured_media":0,"parent":0,"menu_order":0,"comment_status":"closed","ping_status":"closed","template":"","meta":{"_et_pb_use_builder":"on","_et_pb_old_content":"<!-- wp:image {\"id\":1862,\"sizeSlug\":\"full\",\"linkDestination\":\"none\"} -->\n<figure class=\"wp-block-image size-full\"><img src=\"https:\/\/dri.unse.edu.ar\/wp-content\/uploads\/2024\/09\/logo-pila-2021-100-300x100-1.jpg\" alt=\"\" class=\"wp-image-1862\"\/><\/figure>\n<!-- \/wp:image -->\n\n<p><a href=\"https:\/\/vinculacion.unse.edu.ar\/\" target=\"_blank\" rel=\"noopener noreferrer\"><br \/><\/a><strong>PROGRAMA DE INTERCAMBIO ACAD\u00c9MICO LATINOAMERICANO (PILA)<\/strong><a href=\"https:\/\/www.programapila.lat\/sistema-de-gestion\/\" target=\"_blank\" rel=\"nofollow noopener noreferrer\" data-text=\"Programa Pila\"><br \/>ACCESO AL SISTEMA DE GESTION<br \/><\/a><\/p>\n<p>El Programa PILA de intercambio acad\u00e9mico nace de un acuerdo firmado en el a\u00f1o 2018 entre el Consejo Interuniversitario Nacional de la Rep\u00fablica Argentina (CIN), la Asociaci\u00f3n Colombiana de Universidades (ASCUN) y la Asociaci\u00f3n Nacional de Universidades e Instituciones de Educaci\u00f3n Superior de M\u00e9xico (ANUIES) con el objeto de promover el intercambio de estudiantes de carreras de grado y posgrado, as\u00ed como de acad\u00e9micos, investigadores y gestores de las universidades e instituciones de educaci\u00f3n superior asociadas, con el fin de enriquecer su formaci\u00f3n acad\u00e9mica, profesional e integral, as\u00ed como promover la internacionalizaci\u00f3n de la educaci\u00f3n superior y fortalecer los lazos de cooperaci\u00f3n.<\/p>\n<p>En agosto de 2020, el Programa PILA abri\u00f3 una nueva modalidad de participaci\u00f3n para incorporar los intercambios virtuales entre las universidades participantes denominada PILAVirtual.<\/p>\n<p>En marzo de 2021, el Programa PILAVirtual ampli\u00f3 su membres\u00eda para incorporar a las asociaciones de universidades y consejos de rectores de Chile, Cuba, Nicaragua, Brasil y Uruguay.<\/p>\n<p>Actualmente es un consorcio de 8 pa\u00edses de Am\u00e9rica Latina y el Caribe y 222 instituciones educativas.<\/p>\n<h4>DOCUMENTACI\u00d3N REQUERIDA PARA SOLICITAR LA MOVILIDAD<\/h4>\n<ul>\n<li>Formulario de Participaci\u00f3n (<a href=\"https:\/\/unsedri.com\/wp-content\/uploads\/2019\/03\/Formulario-2019.doc\" target=\"_blank\" rel=\"noopener noreferrer\">DESCARGA<\/a>)<a href=\"http:\/\/www.unse.edu.ar\/repositorio\/arrii\/Formulario%20JIMA.doc\">;<\/a><\/li>\n<li>Contrato de Estudios(<a href=\"https:\/\/unsedri.com\/wp-content\/uploads\/2019\/06\/Learning-Agreement-UNSE.doc\" target=\"_blank\" rel=\"noopener noreferrer\">DESCARGA<\/a>)<a href=\"http:\/\/www.unse.edu.ar\/repositorio\/arrii\/Formulario%20JIMA.doc\">;<\/a><\/li>\n<li>Certificado Anal\u00edtico actualizado;<\/li>\n<li>Certificado de Alumno Regular actualizado;<\/li>\n<li>Fotocopia del DNI y del pasaporte en vigor si lo tuviere.<\/li>\n<li>Foto carnet (4x4);<\/li>\n<li>Certificado m\u00e9dico de que no padece enfermedades infecto-contagiosas, puede ser expedido por m\u00e9dico de cabecera bajo responsabilidad de brindar informaci\u00f3n certera;<\/li>\n<li>Carta de motivaci\u00f3n: dirigida a Arq. Graciela Cazaux de Castiglione explicando las razones por las que te gustar\u00eda ser elegido y el impacto que tendr\u00e1 a nivel personal y en su carrera universitaria.<\/li>\n<\/ul>\n<p>M\u00e1s informaci\u00f3n:<\/p>\n<p>Por mail a :<\/p>\n<ul>\n<li><a href=\"mailto:mgcastig@unse.edu.ar\">mgcastig@unse.edu.ar<\/a><\/li>\n<li>jmreyes@unse.edu.ar<\/li>\n<li><a href=\"mailto:relacionesinternacionales@unse.edu.ar\">relacionesinternacionales@unse.edu.ar<\/a><\/li>\n<\/ul>\n<p>O bien personalmente en la oficina de la Direcci\u00f3n General de Relaciones Internacionales de la UNSE<\/p>\n<h4>MOVILIDAD GESTORES Y ACAD\u00c9MICOS<\/h4>\n<p>Tiene el fin de enriquecer su formaci\u00f3n acad\u00e9mica, profesional e integral, as\u00ed como promover la internacionalizaci\u00f3n de la educaci\u00f3n superior y fortalecer los lazos de cooperaci\u00f3n entre Colombia, M\u00e9xico y Argentina.<\/p>\n<p>Los destinatarios son los docentes (tanto profesores como auxiliares), Investigadores y el personal de gesti\u00f3n y no docente de la UNSE. Los seleccionados realizan una movilidad con financiamiento para promover acciones de cooperaci\u00f3n interinstitucional, el intercambio de docentes e Investigadores y la capacitaci\u00f3n de gestores de actividades de internacionalizaci\u00f3n de las instituciones.<\/p>\n<p>\u00a0<\/p>\n<p><a role=\"button\" href=\"#top\">\u00a0<\/a><\/p>","_et_gb_content_width":"","footnotes":""},"class_list":["post-75","page","type-page","status-publish","hentry"],"yoast_head":"<!-- This site is optimized with the Yoast SEO plugin v23.7 - https:\/\/yoast.com\/wordpress\/plugins\/seo\/ -->\n<title>PILA - Relaciones Internacionales UNSE<\/title>\n<meta name=\"robots\" content=\"index, follow, max-snippet:-1, max-image-preview:large, max-video-preview:-1\" \/>\n<link rel=\"canonical\" href=\"https:\/\/dri.unse.edu.ar\/?page_id=75\" \/>\n<meta property=\"og:locale\" content=\"es_ES\" \/>\n<meta property=\"og:type\" content=\"article\" \/>\n<meta property=\"og:title\" content=\"PILA - Relaciones Internacionales UNSE\" \/>\n<meta property=\"og:description\" content=\"PROGRAMA DE INTERCAMBIO ACAD\u00c9MICO LATINOAMERICANO (PILA)ACCESO AL SISTEMA DE GESTION El Programa PILA de intercambio acad\u00e9mico nace de un acuerdo firmado en el a\u00f1o 2018 entre el Consejo Interuniversitario Nacional de la Rep\u00fablica Argentina (CIN), la Asociaci\u00f3n Colombiana de Universidades (ASCUN) y la Asociaci\u00f3n Nacional de Universidades e Instituciones de Educaci\u00f3n Superior de M\u00e9xico (ANUIES) [&hellip;]\" \/>\n<meta property=\"og:url\" content=\"https:\/\/dri.unse.edu.ar\/?page_id=75\" \/>\n<meta property=\"og:site_name\" content=\"Relaciones Internacionales UNSE\" \/>\n<meta property=\"article:modified_time\" content=\"2024-10-07T00:26:18+00:00\" \/>\n<meta property=\"og:image\" content=\"https:\/\/dri.unse.edu.ar\/wp-content\/uploads\/2024\/09\/logo-pila-2021-100-300x100-1.jpg\" \/>\n<meta name=\"twitter:card\" content=\"summary_large_image\" \/>\n<meta name=\"twitter:label1\" content=\"Tiempo de lectura\" \/>\n\t<meta name=\"twitter:data1\" content=\"2 minutos\" \/>\n<script type=\"application\/ld+json\" class=\"yoast-schema-graph\">{\"@context\":\"https:\/\/schema.org\",\"@graph\":[{\"@type\":\"WebPage\",\"@id\":\"https:\/\/dri.unse.edu.ar\/?page_id=75\",\"url\":\"https:\/\/dri.unse.edu.ar\/?page_id=75\",\"name\":\"PILA - Relaciones Internacionales UNSE\",\"isPartOf\":{\"@id\":\"https:\/\/dri.unse.edu.ar\/#website\"},\"primaryImageOfPage\":{\"@id\":\"https:\/\/dri.unse.edu.ar\/?page_id=75#primaryimage\"},\"image\":{\"@id\":\"https:\/\/dri.unse.edu.ar\/?page_id=75#primaryimage\"},\"thumbnailUrl\":\"https:\/\/dri.unse.edu.ar\/wp-content\/uploads\/2024\/09\/logo-pila-2021-100-300x100-1.jpg\",\"datePublished\":\"2019-03-27T13:19:31+00:00\",\"dateModified\":\"2024-10-07T00:26:18+00:00\",\"breadcrumb\":{\"@id\":\"https:\/\/dri.unse.edu.ar\/?page_id=75#breadcrumb\"},\"inLanguage\":\"es-AR\",\"potentialAction\":[{\"@type\":\"ReadAction\",\"target\":[\"https:\/\/dri.unse.edu.ar\/?page_id=75\"]}]},{\"@type\":\"ImageObject\",\"inLanguage\":\"es-AR\",\"@id\":\"https:\/\/dri.unse.edu.ar\/?page_id=75#primaryimage\",\"url\":\"https:\/\/dri.unse.edu.ar\/wp-content\/uploads\/2024\/09\/logo-pila-2021-100-300x100-1.jpg\",\"contentUrl\":\"https:\/\/dri.unse.edu.ar\/wp-content\/uploads\/2024\/09\/logo-pila-2021-100-300x100-1.jpg\",\"width\":300,\"height\":100},{\"@type\":\"BreadcrumbList\",\"@id\":\"https:\/\/dri.unse.edu.ar\/?page_id=75#breadcrumb\",\"itemListElement\":[{\"@type\":\"ListItem\",\"position\":1,\"name\":\"Inicio\",\"item\":\"https:\/\/dri.unse.edu.ar\/\"},{\"@type\":\"ListItem\",\"position\":2,\"name\":\"PILA\"}]},{\"@type\":\"WebSite\",\"@id\":\"https:\/\/dri.unse.edu.ar\/#website\",\"url\":\"https:\/\/dri.unse.edu.ar\/\",\"name\":\"Relaciones Internacionales UNSE\",\"description\":\"\",\"publisher\":{\"@id\":\"https:\/\/dri.unse.edu.ar\/#organization\"},\"potentialAction\":[{\"@type\":\"SearchAction\",\"target\":{\"@type\":\"EntryPoint\",\"urlTemplate\":\"https:\/\/dri.unse.edu.ar\/?s={search_term_string}\"},\"query-input\":{\"@type\":\"PropertyValueSpecification\",\"valueRequired\":true,\"valueName\":\"search_term_string\"}}],\"inLanguage\":\"es-AR\"},{\"@type\":\"Organization\",\"@id\":\"https:\/\/dri.unse.edu.ar\/#organization\",\"name\":\"Universidad Nacional de Santiago del Estero\",\"url\":\"https:\/\/dri.unse.edu.ar\/\",\"logo\":{\"@type\":\"ImageObject\",\"inLanguage\":\"es-AR\",\"@id\":\"https:\/\/dri.unse.edu.ar\/#\/schema\/logo\/image\/\",\"url\":\"https:\/\/dri.unse.edu.ar\/wp-content\/uploads\/2019\/03\/logo-3.png\",\"contentUrl\":\"https:\/\/dri.unse.edu.ar\/wp-content\/uploads\/2019\/03\/logo-3.png\",\"width\":816,\"height\":882,\"caption\":\"Universidad Nacional de Santiago del Estero\"},\"image\":{\"@id\":\"https:\/\/dri.unse.edu.ar\/#\/schema\/logo\/image\/\"}}]}<\/script>\n<!-- \/ Yoast SEO plugin. -->","yoast_head_json":{"title":"PILA - Relaciones Internacionales UNSE","robots":{"index":"index","follow":"follow","max-snippet":"max-snippet:-1","max-image-preview":"max-image-preview:large","max-video-preview":"max-video-preview:-1"},"canonical":"https:\/\/dri.unse.edu.ar\/?page_id=75","og_locale":"es_ES","og_type":"article","og_title":"PILA - Relaciones Internacionales UNSE","og_description":"PROGRAMA DE INTERCAMBIO ACAD\u00c9MICO LATINOAMERICANO (PILA)ACCESO AL SISTEMA DE GESTION El Programa PILA de intercambio acad\u00e9mico nace de un acuerdo firmado en el a\u00f1o 2018 entre el Consejo Interuniversitario Nacional de la Rep\u00fablica Argentina (CIN), la Asociaci\u00f3n Colombiana de Universidades (ASCUN) y la Asociaci\u00f3n Nacional de Universidades e Instituciones de Educaci\u00f3n Superior de M\u00e9xico (ANUIES) [&hellip;]","og_url":"https:\/\/dri.unse.edu.ar\/?page_id=75","og_site_name":"Relaciones Internacionales UNSE","article_modified_time":"2024-10-07T00:26:18+00:00","og_image":[{"url":"https:\/\/dri.unse.edu.ar\/wp-content\/uploads\/2024\/09\/logo-pila-2021-100-300x100-1.jpg"}],"twitter_card":"summary_large_image","twitter_misc":{"Tiempo de lectura":"2 minutos"},"schema":{"@context":"https:\/\/schema.org","@graph":[{"@type":"WebPage","@id":"https:\/\/dri.unse.edu.ar\/?page_id=75","url":"https:\/\/dri.unse.edu.ar\/?page_id=75","name":"PILA - Relaciones Internacionales UNSE","isPartOf":{"@id":"https:\/\/dri.unse.edu.ar\/#website"},"primaryImageOfPage":{"@id":"https:\/\/dri.unse.edu.ar\/?page_id=75#primaryimage"},"image":{"@id":"https:\/\/dri.unse.edu.ar\/?page_id=75#primaryimage"},"thumbnailUrl":"https:\/\/dri.unse.edu.ar\/wp-content\/uploads\/2024\/09\/logo-pila-2021-100-300x100-1.jpg","datePublished":"2019-03-27T13:19:31+00:00","dateModified":"2024-10-07T00:26:18+00:00","breadcrumb":{"@id":"https:\/\/dri.unse.edu.ar\/?page_id=75#breadcrumb"},"inLanguage":"es-AR","potentialAction":[{"@type":"ReadAction","target":["https:\/\/dri.unse.edu.ar\/?page_id=75"]}]},{"@type":"ImageObject","inLanguage":"es-AR","@id":"https:\/\/dri.unse.edu.ar\/?page_id=75#primaryimage","url":"https:\/\/dri.unse.edu.ar\/wp-content\/uploads\/2024\/09\/logo-pila-2021-100-300x100-1.jpg","contentUrl":"https:\/\/dri.unse.edu.ar\/wp-content\/uploads\/2024\/09\/logo-pila-2021-100-300x100-1.jpg","width":300,"height":100},{"@type":"BreadcrumbList","@id":"https:\/\/dri.unse.edu.ar\/?page_id=75#breadcrumb","itemListElement":[{"@type":"ListItem","position":1,"name":"Inicio","item":"https:\/\/dri.unse.edu.ar\/"},{"@type":"ListItem","position":2,"name":"PILA"}]},{"@type":"WebSite","@id":"https:\/\/dri.unse.edu.ar\/#website","url":"https:\/\/dri.unse.edu.ar\/","name":"Relaciones Internacionales UNSE","description":"","publisher":{"@id":"https:\/\/dri.unse.edu.ar\/#organization"},"potentialAction":[{"@type":"SearchAction","target":{"@type":"EntryPoint","urlTemplate":"https:\/\/dri.unse.edu.ar\/?s={search_term_string}"},"query-input":{"@type":"PropertyValueSpecification","valueRequired":true,"valueName":"search_term_string"}}],"inLanguage":"es-AR"},{"@type":"Organization","@id":"https:\/\/dri.unse.edu.ar\/#organization","name":"Universidad Nacional de Santiago del Estero","url":"https:\/\/dri.unse.edu.ar\/","logo":{"@type":"ImageObject","inLanguage":"es-AR","@id":"https:\/\/dri.unse.edu.ar\/#\/schema\/logo\/image\/","url":"https:\/\/dri.unse.edu.ar\/wp-content\/uploads\/2019\/03\/logo-3.png","contentUrl":"https:\/\/dri.unse.edu.ar\/wp-content\/uploads\/2019\/03\/logo-3.png","width":816,"height":882,"caption":"Universidad Nacional de Santiago del Estero"},"image":{"@id":"https:\/\/dri.unse.edu.ar\/#\/schema\/logo\/image\/"}}]}},"_links":{"self":[{"href":"https:\/\/dri.unse.edu.ar\/index.php?rest_route=\/wp\/v2\/pages\/75"}],"collection":[{"href":"https:\/\/dri.unse.edu.ar\/index.php?rest_route=\/wp\/v2\/pages"}],"about":[{"href":"https:\/\/dri.unse.edu.ar\/index.php?rest_route=\/wp\/v2\/types\/page"}],"author":[{"embeddable":true,"href":"https:\/\/dri.unse.edu.ar\/index.php?rest_route=\/wp\/v2\/users\/1"}],"replies":[{"embeddable":true,"href":"https:\/\/dri.unse.edu.ar\/index.php?rest_route=%2Fwp%2Fv2%2Fcomments&post=75"}],"version-history":[{"count":33,"href":"https:\/\/dri.unse.edu.ar\/index.php?rest_route=\/wp\/v2\/pages\/75\/revisions"}],"predecessor-version":[{"id":1951,"href":"https:\/\/dri.unse.edu.ar\/index.php?rest_route=\/wp\/v2\/pages\/75\/revisions\/1951"}],"wp:attachment":[{"href":"https:\/\/dri.unse.edu.ar\/index.php?rest_route=%2Fwp%2Fv2%2Fmedia&parent=75"}],"curies":[{"name":"wp","href":"https:\/\/api.w.org\/{rel}","templated":true}]}}