{"id":51,"date":"2019-03-26T11:09:29","date_gmt":"2019-03-26T14:09:29","guid":{"rendered":"https:\/\/unsedri.com\/?page_id=51"},"modified":"2024-09-02T15:22:35","modified_gmt":"2024-09-02T18:22:35","slug":"pame","status":"publish","type":"page","link":"https:\/\/dri.unse.edu.ar\/?page_id=51","title":{"rendered":"PAME"},"content":{"rendered":"<p><img loading=\"lazy\" decoding=\"async\" class=\"\" src=\"https:\/\/dri.unse.edu.ar\/wp-content\/uploads\/2020\/02\/20-21-768x523.png\" sizes=\"(max-width: 640px) 100vw, 640px\" srcset=\"https:\/\/dri.unse.edu.ar\/wp-content\/uploads\/2020\/02\/20-21-768x523.png 768w, https:\/\/unsedri.com\/wp-content\/uploads\/2020\/02\/20-21-300x204.png 300w, https:\/\/unsedri.com\/wp-content\/uploads\/2020\/02\/20-21.png 892w\" alt=\"\" width=\"785\" height=\"535\" \/><\/p>\n<p>El Programa Acad\u00e9mico de Movilidad Educativa (PAME) es una iniciativa de la UDUAL que permite realizar movilidad entre las Instituciones de Educaci\u00f3n Superior (IES) afiliadas bajo el principio de reciprocidad. A partir del a\u00f1o 2006, se vuelve un programa permanente que busca favorecer los procesos de internacionalizaci\u00f3n.<\/p>\n<h5>Objetivos del Programa<\/h5>\n<ol>\n<li>Promover la internacionalizaci\u00f3n y la integraci\u00f3n entre las universidades afiliadas a la UDUAL;<\/li>\n<li>Enriquecer la formaci\u00f3n acad\u00e9mica de las comunidades universitarias y estimular la integraci\u00f3n y la colaboraci\u00f3n solidaria entre las instituciones.<\/li>\n<\/ol>\n<h5>Periodos de gesti\u00f3n y movilidad.<\/h5>\n<ol>\n<li>Los alumnos realizan movilidad en alguno de los siguientes periodos:<strong>Periodo I. Agosto -Diciembre<\/strong>\u00a0 (Per\u00edodo de Convocatoria fines de Marzo a Mayo)\n<p><strong>Periodo II. Enero-Julio (<\/strong>Per\u00edodo de Convocatoria Septiembre a Octubre del a\u00f1o anterior)<\/li>\n<\/ol>\n<p>N\u00daMERO DE PLAZAS PARA LA UNSE: 2 POR CUATRIMESTRE<\/p>\n<h4>RAM 8 &#8211; MOVILIDAD AGOSTO 2020 &#8211; AGOSTO 2021 PARA LA UNSE<\/h4>\n<table id=\"eael-data-table-5f0ac97\">\n<thead>\n<tr>\n<th id=\"\" colspan=\"\">Pa\u00eds<\/th>\n<th id=\"\" colspan=\"\">Ciudad<\/th>\n<th id=\"\" colspan=\"\">Universidad<\/th>\n<th id=\"\" colspan=\"\">Link WEB<\/th>\n<\/tr>\n<\/thead>\n<tbody>\n<tr>\n<td id=\"\" colspan=\"\" rowspan=\"\">Argentina<\/td>\n<td id=\"\" colspan=\"\" rowspan=\"\">C\u00f3rdoba<\/td>\n<td id=\"\" colspan=\"\" rowspan=\"\">Universidad Nacional de C\u00f3rdoba<\/td>\n<td id=\"\" colspan=\"\" rowspan=\"\"><a href=\"https:\/\/www.unc.edu.ar\/\">UNC<\/a><\/td>\n<\/tr>\n<tr>\n<td id=\"\" colspan=\"\" rowspan=\"\">Argentina<\/td>\n<td id=\"\" colspan=\"\" rowspan=\"\">Santiago del Estero<\/td>\n<td id=\"\" colspan=\"\" rowspan=\"\">Univ. Nacional de Santiago del Estero<\/td>\n<td id=\"\" colspan=\"\" rowspan=\"\"><a href=\"http:\/\/www.unse.edu.ar\/\">UNSE<\/a><\/td>\n<\/tr>\n<tr>\n<td id=\"\" colspan=\"\" rowspan=\"\">Bolivia<\/td>\n<td id=\"\" colspan=\"\" rowspan=\"\">Santa Cruz de la Sierra<\/td>\n<td id=\"\" colspan=\"\" rowspan=\"\">Univ. Tecnol\u00f3gica privada de Santa Cruz<\/td>\n<td id=\"\" colspan=\"\" rowspan=\"\"><a href=\"https:\/\/www.utepsa.edu\/v2\/\">UTEPSA<\/a><\/td>\n<\/tr>\n<tr>\n<td id=\"\" colspan=\"\" rowspan=\"\">Colombia<\/td>\n<td id=\"\" colspan=\"\" rowspan=\"\">Bogot\u00e1<\/td>\n<td id=\"\" colspan=\"\" rowspan=\"\">Universidad el Bosque<\/td>\n<td id=\"\" colspan=\"\" rowspan=\"\"><a href=\"https:\/\/www.unbosque.edu.co\/\">UNBOSQUE<\/a><\/td>\n<\/tr>\n<tr>\n<td id=\"\" colspan=\"\" rowspan=\"\">Colombia<\/td>\n<td id=\"\" colspan=\"\" rowspan=\"\">Medell\u00edn, Cali, Neiva y Popay\u00e1n<\/td>\n<td id=\"\" colspan=\"\" rowspan=\"\">Fundaci\u00f3n Universitaria Maria Cano<\/td>\n<td id=\"\" colspan=\"\" rowspan=\"\"><a href=\"http:\/\/www.fumc.edu.co\/\">FUMC<\/a><\/td>\n<\/tr>\n<tr>\n<td id=\"\" colspan=\"\" rowspan=\"\">Colombia<\/td>\n<td id=\"\" colspan=\"\" rowspan=\"\">Tunja<\/td>\n<td id=\"\" colspan=\"\" rowspan=\"\">Universidad Santo Tom\u00e1s Seccional Tunja<\/td>\n<td id=\"\" colspan=\"\" rowspan=\"\"><a href=\"https:\/\/www.ustatunja.edu.co\/\" target=\"_blank\" rel=\"noopener noreferrer\">USTATUNJA<\/a><\/td>\n<\/tr>\n<tr>\n<td id=\"\" colspan=\"\" rowspan=\"\">M\u00e9xico<\/td>\n<td id=\"\" colspan=\"\" rowspan=\"\">Obreg\u00f3n<\/td>\n<td id=\"\" colspan=\"\" rowspan=\"\">Instituto Tecnol\u00f3gico de Sonora<\/td>\n<td id=\"\" colspan=\"\" rowspan=\"\"><a href=\"https:\/\/www.itson.mx\/Paginas\/index.aspx\">ITSON<\/a><\/td>\n<\/tr>\n<tr>\n<td id=\"\" colspan=\"\" rowspan=\"\">M\u00e9xico<\/td>\n<td id=\"\" colspan=\"\" rowspan=\"\">Tuxla Guti\u00e9rrez, Chiapas<\/td>\n<td id=\"\" colspan=\"\" rowspan=\"\">Universidad de Ciencias y Artes de Chiapas<\/td>\n<td id=\"\" colspan=\"\" rowspan=\"\"><a href=\"https:\/\/www.unicach.mx\/\">UNICACH<\/a><\/td>\n<\/tr>\n<tr>\n<td id=\"\" colspan=\"\" rowspan=\"\">M\u00e9xico<\/td>\n<td id=\"\" colspan=\"\" rowspan=\"\">Colima<\/td>\n<td id=\"\" colspan=\"\" rowspan=\"\">Universidad de Colima<\/td>\n<td id=\"\" colspan=\"\" rowspan=\"\"><a href=\"https:\/\/www.ucol.mx\/\">UCOL<\/a><\/td>\n<\/tr>\n<tr>\n<td id=\"\" colspan=\"\" rowspan=\"\">Nicaragua<\/td>\n<td id=\"\" colspan=\"\" rowspan=\"\">Managua<\/td>\n<td id=\"\" colspan=\"\" rowspan=\"\">Universidad Nacional Aut\u00f3noma de Nicaragua<\/td>\n<td id=\"\" colspan=\"\" rowspan=\"\"><a href=\"https:\/\/www.unan.edu.ni\/\">UNAN<\/a><\/td>\n<\/tr>\n<tr>\n<td id=\"\" colspan=\"\" rowspan=\"\">Per\u00fa<\/td>\n<td id=\"\" colspan=\"\" rowspan=\"\">Lima<\/td>\n<td id=\"\" colspan=\"\" rowspan=\"\">Universidad Femenina del Sagrado Coraz\u00f3n<\/td>\n<td id=\"\" colspan=\"\" rowspan=\"\"><a href=\"http:\/\/www.unife.edu.pe\/\">UNIFE<\/a><\/td>\n<\/tr>\n<tr>\n<td id=\"\" colspan=\"\" rowspan=\"\">M\u00e9xico<\/td>\n<td id=\"\" colspan=\"\" rowspan=\"\">Tijuana, Ensenada y Mexicali<\/td>\n<td id=\"\" colspan=\"\" rowspan=\"\">Universidad Xochicalco<\/td>\n<td id=\"\" colspan=\"\" rowspan=\"\"><a href=\"http:\/\/www.xochicalco.edu.mx\/\">XOCHICALCO<\/a><\/td>\n<\/tr>\n<\/tbody>\n<\/table>\n<p>Los estudiantes interesados deber\u00e1n averiguar a trav\u00e9s de internet si su carrera se encuentra en dicha universidad.<\/p>\n<p><em>Fecha de Vencimiento<\/em>: 31 de mayo (para el segundo semestre del corriente a\u00f1o) y 30 de Octubre (para el primer semestre del a\u00f1o entrante)<\/p>\n<p><strong>Condiciones Generales:<\/strong>\u00a0Los beneficios con los que contar\u00e1 el estudiante seleccionado en estos programas en la Universidad de Destino son:<\/p>\n<ul>\n<li>Hospedaje<\/li>\n<li>Alimentaci\u00f3n<\/li>\n<li>Ense\u00f1anza Acad\u00e9mica<\/li>\n<li>Servicios Acad\u00e9micos<\/li>\n<\/ul>\n<p>El estudiante afrontar\u00e1 los siguientes gastos:<\/p>\n<ul>\n<li>Gastos de traslado desde la universidad de origen a la de destino; El alumno podr\u00e1 gestionar ante las autoridades de la Facultad y Rectorado una ayuda econ\u00f3mica para este gasto.<\/li>\n<\/ul>\n<ul>\n<li>Visa de estudiante;<\/li>\n<\/ul>\n<ul>\n<li>Gastos personales no contemplados en el programa.<\/li>\n<\/ul>\n<p><em>Asimismo, la UNSE comprar\u00e1 para el alumno el Seguro de accidente, salud y repatriaci\u00f3n.<\/em><\/p>\n<p><strong>Requisitos<\/strong><\/p>\n<ul>\n<li>Nacionalidad argentina;<\/li>\n<li>Estar oficialmente matriculado en la Universidad Nacional de Santiago del Estero<\/li>\n<li>Tener aprobado, al momento de la solicitud, al menos el 50 % de su carrera de grado;<\/li>\n<li>Promedio general superior a 7.5; (Aunque cabe aclarar que tambi\u00e9n se tendr\u00e1 en cuenta el promedio hist\u00f3rico de la carrera).<\/li>\n<li>Tener DNI o pasaporte vigente (o en tr\u00e1mite iniciado <strong>en caso de ser electo<\/strong>).<\/li>\n<\/ul>\n<p>DOCUMENTACI\u00d3N REQUERIDA PARA SOLICITAR LA MOVILIDAD<\/p>\n<ul>\n<li>Formulario de Participaci\u00f3n (<a href=\"https:\/\/unsedri.com\/wp-content\/uploads\/2019\/03\/Formulario-PAME-2019.doc\">DESCARGA<\/a>)<a href=\"http:\/\/www.unse.edu.ar\/repositorio\/arrii\/Formulario%20JIMA.doc\">;<\/a><\/li>\n<li>Contrato de estudios PAME (<a href=\"https:\/\/unsedri.com\/wp-content\/uploads\/2019\/03\/Reconocimiento-de-asignaturas-o-cr\u00e9dito.docx\">DESCARGA<\/a>)<\/li>\n<li>Certificado Anal\u00edtico actualizado;<\/li>\n<li>Certificado de Alumno Regular actualizado;<\/li>\n<li>Fotocopia del DNI y del pasaporte en vigor si lo tuviere.<\/li>\n<li>Foto carnet (4&#215;4);<\/li>\n<li>Certificado m\u00e9dico de que no padece enfermedades infecto-contagiosas, puede ser expedido por m\u00e9dico de cabecera bajo responsabilidad de brindar informaci\u00f3n certera;<\/li>\n<li>Carta de motivaci\u00f3n: dirigida a Arq. Graciela Cazaux de Castiglione explicando las razones por las que te gustar\u00eda ser elegido y el impacto que tendr\u00e1 a nivel personal y en su carrera universitaria.<\/li>\n<\/ul>\n<p><strong>M\u00e1s informaci\u00f3n:<\/strong><\/p>\n<p>Por mail a :<\/p>\n<ul>\n<li><a href=\"mailto:mgcastig@unse.edu.ar\">mgcastig@unse.edu.ar<\/a><\/li>\n<li>jmreyes@unse.edu.ar<\/li>\n<li><a href=\"mailto:relacionesinternacionales@unse.edu.ar\">relacionesinternacionales@unse.edu.ar<\/a><\/li>\n<\/ul>\n<p>O bien personalmente en la oficina de la Direcci\u00f3n General de Relaciones Internacionales de la UNSE<\/p>\n<p><a role=\"button\" href=\"#top\">\u00a0<\/a><\/p>\n","protected":false},"excerpt":{"rendered":"<p>El Programa Acad\u00e9mico de Movilidad Educativa (PAME) es una iniciativa de la UDUAL que permite realizar movilidad entre las Instituciones de Educaci\u00f3n Superior (IES) afiliadas bajo el principio de reciprocidad. A partir del a\u00f1o 2006, se vuelve un programa permanente que busca favorecer los procesos de internacionalizaci\u00f3n. Objetivos del Programa Promover la internacionalizaci\u00f3n y la [&hellip;]<\/p>\n","protected":false},"author":1,"featured_media":0,"parent":0,"menu_order":0,"comment_status":"closed","ping_status":"closed","template":"","meta":{"_et_pb_use_builder":"","_et_pb_old_content":"","_et_gb_content_width":"","footnotes":""},"class_list":["post-51","page","type-page","status-publish","hentry"],"yoast_head":"<!-- This site is optimized with the Yoast SEO plugin v23.7 - https:\/\/yoast.com\/wordpress\/plugins\/seo\/ -->\n<title>PAME - Relaciones Internacionales UNSE<\/title>\n<meta name=\"robots\" content=\"index, follow, max-snippet:-1, max-image-preview:large, max-video-preview:-1\" \/>\n<link rel=\"canonical\" href=\"https:\/\/dri.unse.edu.ar\/?page_id=51\" \/>\n<meta property=\"og:locale\" content=\"es_ES\" \/>\n<meta property=\"og:type\" content=\"article\" \/>\n<meta property=\"og:title\" content=\"PAME - Relaciones Internacionales UNSE\" \/>\n<meta property=\"og:description\" content=\"El Programa Acad\u00e9mico de Movilidad Educativa (PAME) es una iniciativa de la UDUAL que permite realizar movilidad entre las Instituciones de Educaci\u00f3n Superior (IES) afiliadas bajo el principio de reciprocidad. A partir del a\u00f1o 2006, se vuelve un programa permanente que busca favorecer los procesos de internacionalizaci\u00f3n. Objetivos del Programa Promover la internacionalizaci\u00f3n y la [&hellip;]\" \/>\n<meta property=\"og:url\" content=\"https:\/\/dri.unse.edu.ar\/?page_id=51\" \/>\n<meta property=\"og:site_name\" content=\"Relaciones Internacionales UNSE\" \/>\n<meta property=\"article:modified_time\" content=\"2024-09-02T18:22:35+00:00\" \/>\n<meta property=\"og:image\" content=\"https:\/\/dri.unse.edu.ar\/wp-content\/uploads\/2020\/02\/20-21-768x523.png\" \/>\n<meta name=\"twitter:card\" content=\"summary_large_image\" \/>\n<meta name=\"twitter:label1\" content=\"Tiempo de lectura\" \/>\n\t<meta name=\"twitter:data1\" content=\"3 minutos\" \/>\n<script type=\"application\/ld+json\" class=\"yoast-schema-graph\">{\"@context\":\"https:\/\/schema.org\",\"@graph\":[{\"@type\":\"WebPage\",\"@id\":\"https:\/\/dri.unse.edu.ar\/?page_id=51\",\"url\":\"https:\/\/dri.unse.edu.ar\/?page_id=51\",\"name\":\"PAME - Relaciones Internacionales UNSE\",\"isPartOf\":{\"@id\":\"https:\/\/dri.unse.edu.ar\/#website\"},\"primaryImageOfPage\":{\"@id\":\"https:\/\/dri.unse.edu.ar\/?page_id=51#primaryimage\"},\"image\":{\"@id\":\"https:\/\/dri.unse.edu.ar\/?page_id=51#primaryimage\"},\"thumbnailUrl\":\"https:\/\/dri.unse.edu.ar\/wp-content\/uploads\/2020\/02\/20-21-768x523.png\",\"datePublished\":\"2019-03-26T14:09:29+00:00\",\"dateModified\":\"2024-09-02T18:22:35+00:00\",\"breadcrumb\":{\"@id\":\"https:\/\/dri.unse.edu.ar\/?page_id=51#breadcrumb\"},\"inLanguage\":\"es-AR\",\"potentialAction\":[{\"@type\":\"ReadAction\",\"target\":[\"https:\/\/dri.unse.edu.ar\/?page_id=51\"]}]},{\"@type\":\"ImageObject\",\"inLanguage\":\"es-AR\",\"@id\":\"https:\/\/dri.unse.edu.ar\/?page_id=51#primaryimage\",\"url\":\"https:\/\/dri.unse.edu.ar\/wp-content\/uploads\/2020\/02\/20-21.png\",\"contentUrl\":\"https:\/\/dri.unse.edu.ar\/wp-content\/uploads\/2020\/02\/20-21.png\",\"width\":892,\"height\":607},{\"@type\":\"BreadcrumbList\",\"@id\":\"https:\/\/dri.unse.edu.ar\/?page_id=51#breadcrumb\",\"itemListElement\":[{\"@type\":\"ListItem\",\"position\":1,\"name\":\"Inicio\",\"item\":\"https:\/\/dri.unse.edu.ar\/\"},{\"@type\":\"ListItem\",\"position\":2,\"name\":\"PAME\"}]},{\"@type\":\"WebSite\",\"@id\":\"https:\/\/dri.unse.edu.ar\/#website\",\"url\":\"https:\/\/dri.unse.edu.ar\/\",\"name\":\"Relaciones Internacionales UNSE\",\"description\":\"\",\"publisher\":{\"@id\":\"https:\/\/dri.unse.edu.ar\/#organization\"},\"potentialAction\":[{\"@type\":\"SearchAction\",\"target\":{\"@type\":\"EntryPoint\",\"urlTemplate\":\"https:\/\/dri.unse.edu.ar\/?s={search_term_string}\"},\"query-input\":{\"@type\":\"PropertyValueSpecification\",\"valueRequired\":true,\"valueName\":\"search_term_string\"}}],\"inLanguage\":\"es-AR\"},{\"@type\":\"Organization\",\"@id\":\"https:\/\/dri.unse.edu.ar\/#organization\",\"name\":\"Universidad Nacional de Santiago del Estero\",\"url\":\"https:\/\/dri.unse.edu.ar\/\",\"logo\":{\"@type\":\"ImageObject\",\"inLanguage\":\"es-AR\",\"@id\":\"https:\/\/dri.unse.edu.ar\/#\/schema\/logo\/image\/\",\"url\":\"https:\/\/dri.unse.edu.ar\/wp-content\/uploads\/2019\/03\/logo-3.png\",\"contentUrl\":\"https:\/\/dri.unse.edu.ar\/wp-content\/uploads\/2019\/03\/logo-3.png\",\"width\":816,\"height\":882,\"caption\":\"Universidad Nacional de Santiago del Estero\"},\"image\":{\"@id\":\"https:\/\/dri.unse.edu.ar\/#\/schema\/logo\/image\/\"}}]}<\/script>\n<!-- \/ Yoast SEO plugin. -->","yoast_head_json":{"title":"PAME - Relaciones Internacionales UNSE","robots":{"index":"index","follow":"follow","max-snippet":"max-snippet:-1","max-image-preview":"max-image-preview:large","max-video-preview":"max-video-preview:-1"},"canonical":"https:\/\/dri.unse.edu.ar\/?page_id=51","og_locale":"es_ES","og_type":"article","og_title":"PAME - Relaciones Internacionales UNSE","og_description":"El Programa Acad\u00e9mico de Movilidad Educativa (PAME) es una iniciativa de la UDUAL que permite realizar movilidad entre las Instituciones de Educaci\u00f3n Superior (IES) afiliadas bajo el principio de reciprocidad. A partir del a\u00f1o 2006, se vuelve un programa permanente que busca favorecer los procesos de internacionalizaci\u00f3n. Objetivos del Programa Promover la internacionalizaci\u00f3n y la [&hellip;]","og_url":"https:\/\/dri.unse.edu.ar\/?page_id=51","og_site_name":"Relaciones Internacionales UNSE","article_modified_time":"2024-09-02T18:22:35+00:00","og_image":[{"url":"https:\/\/dri.unse.edu.ar\/wp-content\/uploads\/2020\/02\/20-21-768x523.png"}],"twitter_card":"summary_large_image","twitter_misc":{"Tiempo de lectura":"3 minutos"},"schema":{"@context":"https:\/\/schema.org","@graph":[{"@type":"WebPage","@id":"https:\/\/dri.unse.edu.ar\/?page_id=51","url":"https:\/\/dri.unse.edu.ar\/?page_id=51","name":"PAME - Relaciones Internacionales UNSE","isPartOf":{"@id":"https:\/\/dri.unse.edu.ar\/#website"},"primaryImageOfPage":{"@id":"https:\/\/dri.unse.edu.ar\/?page_id=51#primaryimage"},"image":{"@id":"https:\/\/dri.unse.edu.ar\/?page_id=51#primaryimage"},"thumbnailUrl":"https:\/\/dri.unse.edu.ar\/wp-content\/uploads\/2020\/02\/20-21-768x523.png","datePublished":"2019-03-26T14:09:29+00:00","dateModified":"2024-09-02T18:22:35+00:00","breadcrumb":{"@id":"https:\/\/dri.unse.edu.ar\/?page_id=51#breadcrumb"},"inLanguage":"es-AR","potentialAction":[{"@type":"ReadAction","target":["https:\/\/dri.unse.edu.ar\/?page_id=51"]}]},{"@type":"ImageObject","inLanguage":"es-AR","@id":"https:\/\/dri.unse.edu.ar\/?page_id=51#primaryimage","url":"https:\/\/dri.unse.edu.ar\/wp-content\/uploads\/2020\/02\/20-21.png","contentUrl":"https:\/\/dri.unse.edu.ar\/wp-content\/uploads\/2020\/02\/20-21.png","width":892,"height":607},{"@type":"BreadcrumbList","@id":"https:\/\/dri.unse.edu.ar\/?page_id=51#breadcrumb","itemListElement":[{"@type":"ListItem","position":1,"name":"Inicio","item":"https:\/\/dri.unse.edu.ar\/"},{"@type":"ListItem","position":2,"name":"PAME"}]},{"@type":"WebSite","@id":"https:\/\/dri.unse.edu.ar\/#website","url":"https:\/\/dri.unse.edu.ar\/","name":"Relaciones Internacionales UNSE","description":"","publisher":{"@id":"https:\/\/dri.unse.edu.ar\/#organization"},"potentialAction":[{"@type":"SearchAction","target":{"@type":"EntryPoint","urlTemplate":"https:\/\/dri.unse.edu.ar\/?s={search_term_string}"},"query-input":{"@type":"PropertyValueSpecification","valueRequired":true,"valueName":"search_term_string"}}],"inLanguage":"es-AR"},{"@type":"Organization","@id":"https:\/\/dri.unse.edu.ar\/#organization","name":"Universidad Nacional de Santiago del Estero","url":"https:\/\/dri.unse.edu.ar\/","logo":{"@type":"ImageObject","inLanguage":"es-AR","@id":"https:\/\/dri.unse.edu.ar\/#\/schema\/logo\/image\/","url":"https:\/\/dri.unse.edu.ar\/wp-content\/uploads\/2019\/03\/logo-3.png","contentUrl":"https:\/\/dri.unse.edu.ar\/wp-content\/uploads\/2019\/03\/logo-3.png","width":816,"height":882,"caption":"Universidad Nacional de Santiago del Estero"},"image":{"@id":"https:\/\/dri.unse.edu.ar\/#\/schema\/logo\/image\/"}}]}},"_links":{"self":[{"href":"https:\/\/dri.unse.edu.ar\/index.php?rest_route=\/wp\/v2\/pages\/51"}],"collection":[{"href":"https:\/\/dri.unse.edu.ar\/index.php?rest_route=\/wp\/v2\/pages"}],"about":[{"href":"https:\/\/dri.unse.edu.ar\/index.php?rest_route=\/wp\/v2\/types\/page"}],"author":[{"embeddable":true,"href":"https:\/\/dri.unse.edu.ar\/index.php?rest_route=\/wp\/v2\/users\/1"}],"replies":[{"embeddable":true,"href":"https:\/\/dri.unse.edu.ar\/index.php?rest_route=%2Fwp%2Fv2%2Fcomments&post=51"}],"version-history":[{"count":35,"href":"https:\/\/dri.unse.edu.ar\/index.php?rest_route=\/wp\/v2\/pages\/51\/revisions"}],"predecessor-version":[{"id":1858,"href":"https:\/\/dri.unse.edu.ar\/index.php?rest_route=\/wp\/v2\/pages\/51\/revisions\/1858"}],"wp:attachment":[{"href":"https:\/\/dri.unse.edu.ar\/index.php?rest_route=%2Fwp%2Fv2%2Fmedia&parent=51"}],"curies":[{"name":"wp","href":"https:\/\/api.w.org\/{rel}","templated":true}]}}