{"id":237,"date":"2019-04-24T09:28:19","date_gmt":"2019-04-24T12:28:19","guid":{"rendered":"https:\/\/unsedri.com\/?page_id=237"},"modified":"2024-10-06T21:22:54","modified_gmt":"2024-10-07T00:22:54","slug":"zicosur","status":"publish","type":"page","link":"https:\/\/dri.unse.edu.ar\/?page_id=237","title":{"rendered":"Zicosur"},"content":{"rendered":"<p>[et_pb_section fb_built=&#8221;1&#8243; admin_label=&#8221;section&#8221; _builder_version=&#8221;4.27.0&#8243; hover_enabled=&#8221;0&#8243; global_colors_info=&#8221;{}&#8221; background_color=&#8221;#ffffff&#8221; sticky_enabled=&#8221;0&#8243;][et_pb_row admin_label=&#8221;row&#8221; _builder_version=&#8221;4.16&#8243; background_size=&#8221;initial&#8221; background_position=&#8221;top_left&#8221; background_repeat=&#8221;repeat&#8221; global_colors_info=&#8221;{}&#8221;][et_pb_column type=&#8221;4_4&#8243; _builder_version=&#8221;4.16&#8243; custom_padding=&#8221;|||&#8221; global_colors_info=&#8221;{}&#8221; custom_padding__hover=&#8221;|||&#8221;][et_pb_text admin_label=&#8221;Text&#8221; _builder_version=&#8221;4.16&#8243; background_size=&#8221;initial&#8221; background_position=&#8221;top_left&#8221; background_repeat=&#8221;repeat&#8221; global_colors_info=&#8221;{}&#8221;]<\/p>\n<p><img loading=\"lazy\" decoding=\"async\" src=\"https:\/\/dri.unse.edu.ar\/wp-content\/uploads\/2019\/04\/zicosur-300x63.png\" sizes=\"(max-width: 300px) 100vw, 300px\" srcset=\"https:\/\/dri.unse.edu.ar\/wp-content\/uploads\/2019\/04\/zicosur-300x63.png 300w, https:\/\/dri.unse.edu.ar\/wp-content\/uploads\/2019\/04\/zicosur.png 412w\" alt=\"\" width=\"300\" height=\"63\" \/><\/p>\n<p>ZICOSUR Universitaria es una red de Universidades publicas de Argentina, Bolivia, Brasil, Chile y Paraguay, quienes vienen activando en programas conjuntos para fortalecer la integraci\u00f3n regional acad\u00e9mica y al fin consolidar el intercambio en \u00e1reas de la docencia, investigaci\u00f3n y extensi\u00f3n.<\/p>\n<p>&nbsp;<\/p>\n<p>P\u00e1gina oficial con informaci\u00f3n actualizada: <a href=\"https:\/\/zicosuruniversitario.com\/es\/home-es\/\">https:\/\/zicosuruniversitario.com\/es\/home-es\/<\/a><\/p>\n<p>&nbsp;<\/p>\n<p>Para conocer las universidades participantes, visite la p\u00e1gina de sus respectivos pa\u00edses:<\/p>\n<p><a href=\"https:\/\/zicosur.wordpress.com\/universidades\/bolivia\/\">Bolivia<\/a>\u00a0\u00b7\u00a0<a href=\"https:\/\/zicosur.wordpress.com\/universidades\/brasil\/\">Brasil<\/a>\u00a0\u00b7\u00a0<a href=\"https:\/\/zicosur.wordpress.com\/universidades\/chile\/\">Chile<\/a>\u00a0\u00b7\u00a0<a href=\"https:\/\/zicosur.wordpress.com\/universidades\/paraguay\/\">Paraguay<\/a><\/p>\n<p>Condiciones<strong> Generales:<\/strong>\u00a0Los beneficios con los que contar\u00e1 el estudiante seleccionado en estos programas en la Universidad de Destino son:<\/p>\n<ul>\n<li>Hospedaje<\/li>\n<li>Alimentaci\u00f3n<\/li>\n<li>Ense\u00f1anza Acad\u00e9mica<\/li>\n<li>Servicios Acad\u00e9micos<\/li>\n<\/ul>\n<p>El estudiante afrontar\u00e1 los siguientes gastos:<\/p>\n<ul>\n<li>Gastos de traslado desde la universidad de origen a la de destino; El alumno podr\u00e1 gestionar ante las autoridades de la Facultad y Rectorado una ayuda econ\u00f3mica para este gasto.<\/li>\n<\/ul>\n<ul>\n<li>Visa de estudiante;<\/li>\n<\/ul>\n<ul>\n<li>Gastos personales no contemplados en el programa.<\/li>\n<\/ul>\n<p><em>Asimismo, la UNSE comprar\u00e1 para el alumno el Seguro de accidente, salud y repatriaci\u00f3n.<\/em><\/p>\n<p><strong style=\"font-size: 1em;\">REQUISITOS:<\/strong><\/p>\n<p>Los candidatos a aplicar en la convocatoria deber\u00e1n cumplir los siguientes requisitos.<\/p>\n<ul>\n<li>Nacionalidad argentina;<\/li>\n<li>Estar oficialmente matriculado en la Universidad Nacional de Santiago del Estero<\/li>\n<li>Tener aprobado, al momento de la solicitud, al menos el 50 % de su carrera de grado;<\/li>\n<li>Promedio general superior a 7.5; (Aunque cabe aclarar que tambi\u00e9n se tendr\u00e1 en cuenta el promedio hist\u00f3rico de la carrera).<\/li>\n<li>Tener pasaporte vigente (o en tr\u00e1mite iniciado\u00a0<strong>en caso de ser electo<\/strong>).<\/li>\n<\/ul>\n<p><b>DOCUMENTACI\u00d3N A PRESENTAR<\/b><\/p>\n<p>La solicitud para el Programa Santander de Movilidad Estudiantil debe presentarse en papel\u00a0<strong>y digitalmente en 1 solo archivo en formato pdf.\u00a0<\/strong><\/p>\n<ul>\n<li>Formulario de Participaci\u00f3n;<\/li>\n<li>Certificado Anal\u00edtico actualizado;<\/li>\n<li>Certificado de Alumno Regular actualizado;<\/li>\n<li>Fotocopia del pasaporte en vigor (o constancia de tr\u00e1mite iniciado) y del DNI;<\/li>\n<li>Foto carnet (4\u00d74);<\/li>\n<li>Certificado m\u00e9dico de que no padece enfermedades infecto-contagiosas; (puede ser de un m\u00e9dico de cabecera)<\/li>\n<li>Carta de motivaci\u00f3n: dirigida a Arq. Graciela Cazaux de Castiglione explicando las razones por las que te gustar\u00eda ser elegido y el impacto que tendr\u00e1 en tu carrera universitaria.<\/li>\n<\/ul>\n<p><strong>IMPORTANTE<\/strong>\u00a0La documentaci\u00f3n debe presentarse en nuestra oficina en formato papel y digital\u00a0<strong>formato pdf<\/strong>\u00a0 al correo<\/p>\n<h5><a style=\"background-color: #ffffff;\" href=\"mailto:relacionesinternacionales@unse.edu.ar\">relacionesinternacionales@unse.edu.ar<\/a><\/h5>\n<p>hasta el 31 de mayo a las 12hs.<\/p>\n<p>[\/et_pb_text][\/et_pb_column][\/et_pb_row][\/et_pb_section]<\/p>\n","protected":false},"excerpt":{"rendered":"<p>ZICOSUR Universitaria es una red de Universidades publicas de Argentina, Bolivia, Brasil, Chile y Paraguay, quienes vienen activando en programas conjuntos para fortalecer la integraci\u00f3n regional acad\u00e9mica y al fin consolidar el intercambio en \u00e1reas de la docencia, investigaci\u00f3n y extensi\u00f3n. &nbsp; P\u00e1gina oficial con informaci\u00f3n actualizada: https:\/\/zicosuruniversitario.com\/es\/home-es\/ &nbsp; Para conocer las universidades participantes, visite [&hellip;]<\/p>\n","protected":false},"author":1,"featured_media":0,"parent":0,"menu_order":0,"comment_status":"closed","ping_status":"closed","template":"","meta":{"_et_pb_use_builder":"on","_et_pb_old_content":"<img src=\"https:\/\/dri.unse.edu.ar\/wp-content\/uploads\/2019\/04\/zicosur-300x63.png\" sizes=\"(max-width: 300px) 100vw, 300px\" srcset=\"https:\/\/dri.unse.edu.ar\/wp-content\/uploads\/2019\/04\/zicosur-300x63.png 300w, https:\/\/dri.unse.edu.ar\/wp-content\/uploads\/2019\/04\/zicosur.png 412w\" alt=\"\" width=\"300\" height=\"63\" \/>\n\nZICOSUR Universitaria es una red de Universidades publicas de Argentina, Bolivia, Brasil, Chile y Paraguay, quienes vienen activando en programas conjuntos para fortalecer la integraci\u00f3n regional acad\u00e9mica y al fin consolidar el intercambio en \u00e1reas de la docencia, investigaci\u00f3n y extensi\u00f3n.\n\nPara conocer las universidades participantes, visite la p\u00e1gina de sus respectivos pa\u00edses:\n\n<a href=\"https:\/\/zicosur.wordpress.com\/universidades\/bolivia\/\">Bolivia<\/a>\u00a0\u00b7\u00a0<a href=\"https:\/\/zicosur.wordpress.com\/universidades\/brasil\/\">Brasil<\/a>\u00a0\u00b7\u00a0<a href=\"https:\/\/zicosur.wordpress.com\/universidades\/chile\/\">Chile<\/a>\u00a0\u00b7\u00a0<a href=\"https:\/\/zicosur.wordpress.com\/universidades\/paraguay\/\">Paraguay<\/a>\n\nCondiciones<strong> Generales:<\/strong>\u00a0Los beneficios con los que contar\u00e1 el estudiante seleccionado en estos programas en la Universidad de Destino son:\n<ul>\n \t<li>Hospedaje<\/li>\n \t<li>Alimentaci\u00f3n<\/li>\n \t<li>Ense\u00f1anza Acad\u00e9mica<\/li>\n \t<li>Servicios Acad\u00e9micos<\/li>\n<\/ul>\nEl estudiante afrontar\u00e1 los siguientes gastos:\n<ul>\n \t<li>Gastos de traslado desde la universidad de origen a la de destino; El alumno podr\u00e1 gestionar ante las autoridades de la Facultad y Rectorado una ayuda econ\u00f3mica para este gasto.<\/li>\n<\/ul>\n<ul>\n \t<li>Visa de estudiante;<\/li>\n<\/ul>\n<ul>\n \t<li>Gastos personales no contemplados en el programa.<\/li>\n<\/ul>\n<em>Asimismo, la UNSE comprar\u00e1 para el alumno el Seguro de accidente, salud y repatriaci\u00f3n.<\/em>\n\n<strong style=\"font-size: 1em;\">REQUISITOS:<\/strong>\n\nLos candidatos a aplicar en la convocatoria deber\u00e1n cumplir los siguientes requisitos.\n<ul>\n \t<li>Nacionalidad argentina;<\/li>\n \t<li>Estar oficialmente matriculado en la Universidad Nacional de Santiago del Estero<\/li>\n \t<li>Tener aprobado, al momento de la solicitud, al menos el 50 % de su carrera de grado;<\/li>\n \t<li>Promedio general superior a 7.5; (Aunque cabe aclarar que tambi\u00e9n se tendr\u00e1 en cuenta el promedio hist\u00f3rico de la carrera).<\/li>\n \t<li>Tener pasaporte vigente (o en tr\u00e1mite iniciado\u00a0<strong>en caso de ser electo<\/strong>).<\/li>\n<\/ul>\n<b>DOCUMENTACI\u00d3N A PRESENTAR<\/b>\n\nLa solicitud para el Programa Santander de Movilidad Estudiantil debe presentarse en papel\u00a0<strong>y digitalmente en 1 solo archivo en formato pdf.\u00a0<\/strong>\n<ul>\n \t<li>Formulario de Participaci\u00f3n;<\/li>\n \t<li>Certificado Anal\u00edtico actualizado;<\/li>\n \t<li>Certificado de Alumno Regular actualizado;<\/li>\n \t<li>Fotocopia del pasaporte en vigor (o constancia de tr\u00e1mite iniciado) y del DNI;<\/li>\n \t<li>Foto carnet (4\u00d74);<\/li>\n \t<li>Certificado m\u00e9dico de que no padece enfermedades infecto-contagiosas; (puede ser de un m\u00e9dico de cabecera)<\/li>\n \t<li>Carta de motivaci\u00f3n: dirigida a Arq. Graciela Cazaux de Castiglione explicando las razones por las que te gustar\u00eda ser elegido y el impacto que tendr\u00e1 en tu carrera universitaria.<\/li>\n<\/ul>\n<strong>IMPORTANTE<\/strong>\u00a0La documentaci\u00f3n debe presentarse en nuestra oficina en formato papel y digital\u00a0<strong>formato pdf<\/strong>\u00a0 al correo\n<h5><a style=\"background-color: #ffffff;\" href=\"mailto:relacionesinternacionales@unse.edu.ar\">relacionesinternacionales@unse.edu.ar<\/a><\/h5>\nhasta el 31 de mayo a las 12hs.","_et_gb_content_width":"","footnotes":""},"class_list":["post-237","page","type-page","status-publish","hentry"],"yoast_head":"<!-- This site is optimized with the Yoast SEO plugin v23.7 - https:\/\/yoast.com\/wordpress\/plugins\/seo\/ -->\n<title>Zicosur - Relaciones Internacionales UNSE<\/title>\n<meta name=\"robots\" content=\"index, follow, max-snippet:-1, max-image-preview:large, max-video-preview:-1\" \/>\n<link rel=\"canonical\" href=\"https:\/\/dri.unse.edu.ar\/?page_id=237\" \/>\n<meta property=\"og:locale\" content=\"es_ES\" \/>\n<meta property=\"og:type\" content=\"article\" \/>\n<meta property=\"og:title\" content=\"Zicosur - Relaciones Internacionales UNSE\" \/>\n<meta property=\"og:description\" content=\"ZICOSUR Universitaria es una red de Universidades publicas de Argentina, Bolivia, Brasil, Chile y Paraguay, quienes vienen activando en programas conjuntos para fortalecer la integraci\u00f3n regional acad\u00e9mica y al fin consolidar el intercambio en \u00e1reas de la docencia, investigaci\u00f3n y extensi\u00f3n. &nbsp; P\u00e1gina oficial con informaci\u00f3n actualizada: https:\/\/zicosuruniversitario.com\/es\/home-es\/ &nbsp; Para conocer las universidades participantes, visite [&hellip;]\" \/>\n<meta property=\"og:url\" content=\"https:\/\/dri.unse.edu.ar\/?page_id=237\" \/>\n<meta property=\"og:site_name\" content=\"Relaciones Internacionales UNSE\" \/>\n<meta property=\"article:modified_time\" content=\"2024-10-07T00:22:54+00:00\" \/>\n<meta property=\"og:image\" content=\"https:\/\/dri.unse.edu.ar\/wp-content\/uploads\/2019\/04\/zicosur-300x63.png\" \/>\n<meta name=\"twitter:card\" content=\"summary_large_image\" \/>\n<meta name=\"twitter:label1\" content=\"Tiempo de lectura\" \/>\n\t<meta name=\"twitter:data1\" content=\"2 minutos\" \/>\n<script type=\"application\/ld+json\" class=\"yoast-schema-graph\">{\"@context\":\"https:\/\/schema.org\",\"@graph\":[{\"@type\":\"WebPage\",\"@id\":\"https:\/\/dri.unse.edu.ar\/?page_id=237\",\"url\":\"https:\/\/dri.unse.edu.ar\/?page_id=237\",\"name\":\"Zicosur - Relaciones Internacionales UNSE\",\"isPartOf\":{\"@id\":\"https:\/\/dri.unse.edu.ar\/#website\"},\"primaryImageOfPage\":{\"@id\":\"https:\/\/dri.unse.edu.ar\/?page_id=237#primaryimage\"},\"image\":{\"@id\":\"https:\/\/dri.unse.edu.ar\/?page_id=237#primaryimage\"},\"thumbnailUrl\":\"https:\/\/dri.unse.edu.ar\/wp-content\/uploads\/2019\/04\/zicosur-300x63.png\",\"datePublished\":\"2019-04-24T12:28:19+00:00\",\"dateModified\":\"2024-10-07T00:22:54+00:00\",\"breadcrumb\":{\"@id\":\"https:\/\/dri.unse.edu.ar\/?page_id=237#breadcrumb\"},\"inLanguage\":\"es-AR\",\"potentialAction\":[{\"@type\":\"ReadAction\",\"target\":[\"https:\/\/dri.unse.edu.ar\/?page_id=237\"]}]},{\"@type\":\"ImageObject\",\"inLanguage\":\"es-AR\",\"@id\":\"https:\/\/dri.unse.edu.ar\/?page_id=237#primaryimage\",\"url\":\"https:\/\/dri.unse.edu.ar\/wp-content\/uploads\/2019\/04\/zicosur.png\",\"contentUrl\":\"https:\/\/dri.unse.edu.ar\/wp-content\/uploads\/2019\/04\/zicosur.png\",\"width\":412,\"height\":87},{\"@type\":\"BreadcrumbList\",\"@id\":\"https:\/\/dri.unse.edu.ar\/?page_id=237#breadcrumb\",\"itemListElement\":[{\"@type\":\"ListItem\",\"position\":1,\"name\":\"Inicio\",\"item\":\"https:\/\/dri.unse.edu.ar\/\"},{\"@type\":\"ListItem\",\"position\":2,\"name\":\"Zicosur\"}]},{\"@type\":\"WebSite\",\"@id\":\"https:\/\/dri.unse.edu.ar\/#website\",\"url\":\"https:\/\/dri.unse.edu.ar\/\",\"name\":\"Relaciones Internacionales UNSE\",\"description\":\"\",\"publisher\":{\"@id\":\"https:\/\/dri.unse.edu.ar\/#organization\"},\"potentialAction\":[{\"@type\":\"SearchAction\",\"target\":{\"@type\":\"EntryPoint\",\"urlTemplate\":\"https:\/\/dri.unse.edu.ar\/?s={search_term_string}\"},\"query-input\":{\"@type\":\"PropertyValueSpecification\",\"valueRequired\":true,\"valueName\":\"search_term_string\"}}],\"inLanguage\":\"es-AR\"},{\"@type\":\"Organization\",\"@id\":\"https:\/\/dri.unse.edu.ar\/#organization\",\"name\":\"Universidad Nacional de Santiago del Estero\",\"url\":\"https:\/\/dri.unse.edu.ar\/\",\"logo\":{\"@type\":\"ImageObject\",\"inLanguage\":\"es-AR\",\"@id\":\"https:\/\/dri.unse.edu.ar\/#\/schema\/logo\/image\/\",\"url\":\"https:\/\/dri.unse.edu.ar\/wp-content\/uploads\/2019\/03\/logo-3.png\",\"contentUrl\":\"https:\/\/dri.unse.edu.ar\/wp-content\/uploads\/2019\/03\/logo-3.png\",\"width\":816,\"height\":882,\"caption\":\"Universidad Nacional de Santiago del Estero\"},\"image\":{\"@id\":\"https:\/\/dri.unse.edu.ar\/#\/schema\/logo\/image\/\"}}]}<\/script>\n<!-- \/ Yoast SEO plugin. -->","yoast_head_json":{"title":"Zicosur - Relaciones Internacionales UNSE","robots":{"index":"index","follow":"follow","max-snippet":"max-snippet:-1","max-image-preview":"max-image-preview:large","max-video-preview":"max-video-preview:-1"},"canonical":"https:\/\/dri.unse.edu.ar\/?page_id=237","og_locale":"es_ES","og_type":"article","og_title":"Zicosur - Relaciones Internacionales UNSE","og_description":"ZICOSUR Universitaria es una red de Universidades publicas de Argentina, Bolivia, Brasil, Chile y Paraguay, quienes vienen activando en programas conjuntos para fortalecer la integraci\u00f3n regional acad\u00e9mica y al fin consolidar el intercambio en \u00e1reas de la docencia, investigaci\u00f3n y extensi\u00f3n. &nbsp; P\u00e1gina oficial con informaci\u00f3n actualizada: https:\/\/zicosuruniversitario.com\/es\/home-es\/ &nbsp; Para conocer las universidades participantes, visite [&hellip;]","og_url":"https:\/\/dri.unse.edu.ar\/?page_id=237","og_site_name":"Relaciones Internacionales UNSE","article_modified_time":"2024-10-07T00:22:54+00:00","og_image":[{"url":"https:\/\/dri.unse.edu.ar\/wp-content\/uploads\/2019\/04\/zicosur-300x63.png"}],"twitter_card":"summary_large_image","twitter_misc":{"Tiempo de lectura":"2 minutos"},"schema":{"@context":"https:\/\/schema.org","@graph":[{"@type":"WebPage","@id":"https:\/\/dri.unse.edu.ar\/?page_id=237","url":"https:\/\/dri.unse.edu.ar\/?page_id=237","name":"Zicosur - Relaciones Internacionales UNSE","isPartOf":{"@id":"https:\/\/dri.unse.edu.ar\/#website"},"primaryImageOfPage":{"@id":"https:\/\/dri.unse.edu.ar\/?page_id=237#primaryimage"},"image":{"@id":"https:\/\/dri.unse.edu.ar\/?page_id=237#primaryimage"},"thumbnailUrl":"https:\/\/dri.unse.edu.ar\/wp-content\/uploads\/2019\/04\/zicosur-300x63.png","datePublished":"2019-04-24T12:28:19+00:00","dateModified":"2024-10-07T00:22:54+00:00","breadcrumb":{"@id":"https:\/\/dri.unse.edu.ar\/?page_id=237#breadcrumb"},"inLanguage":"es-AR","potentialAction":[{"@type":"ReadAction","target":["https:\/\/dri.unse.edu.ar\/?page_id=237"]}]},{"@type":"ImageObject","inLanguage":"es-AR","@id":"https:\/\/dri.unse.edu.ar\/?page_id=237#primaryimage","url":"https:\/\/dri.unse.edu.ar\/wp-content\/uploads\/2019\/04\/zicosur.png","contentUrl":"https:\/\/dri.unse.edu.ar\/wp-content\/uploads\/2019\/04\/zicosur.png","width":412,"height":87},{"@type":"BreadcrumbList","@id":"https:\/\/dri.unse.edu.ar\/?page_id=237#breadcrumb","itemListElement":[{"@type":"ListItem","position":1,"name":"Inicio","item":"https:\/\/dri.unse.edu.ar\/"},{"@type":"ListItem","position":2,"name":"Zicosur"}]},{"@type":"WebSite","@id":"https:\/\/dri.unse.edu.ar\/#website","url":"https:\/\/dri.unse.edu.ar\/","name":"Relaciones Internacionales UNSE","description":"","publisher":{"@id":"https:\/\/dri.unse.edu.ar\/#organization"},"potentialAction":[{"@type":"SearchAction","target":{"@type":"EntryPoint","urlTemplate":"https:\/\/dri.unse.edu.ar\/?s={search_term_string}"},"query-input":{"@type":"PropertyValueSpecification","valueRequired":true,"valueName":"search_term_string"}}],"inLanguage":"es-AR"},{"@type":"Organization","@id":"https:\/\/dri.unse.edu.ar\/#organization","name":"Universidad Nacional de Santiago del Estero","url":"https:\/\/dri.unse.edu.ar\/","logo":{"@type":"ImageObject","inLanguage":"es-AR","@id":"https:\/\/dri.unse.edu.ar\/#\/schema\/logo\/image\/","url":"https:\/\/dri.unse.edu.ar\/wp-content\/uploads\/2019\/03\/logo-3.png","contentUrl":"https:\/\/dri.unse.edu.ar\/wp-content\/uploads\/2019\/03\/logo-3.png","width":816,"height":882,"caption":"Universidad Nacional de Santiago del Estero"},"image":{"@id":"https:\/\/dri.unse.edu.ar\/#\/schema\/logo\/image\/"}}]}},"_links":{"self":[{"href":"https:\/\/dri.unse.edu.ar\/index.php?rest_route=\/wp\/v2\/pages\/237"}],"collection":[{"href":"https:\/\/dri.unse.edu.ar\/index.php?rest_route=\/wp\/v2\/pages"}],"about":[{"href":"https:\/\/dri.unse.edu.ar\/index.php?rest_route=\/wp\/v2\/types\/page"}],"author":[{"embeddable":true,"href":"https:\/\/dri.unse.edu.ar\/index.php?rest_route=\/wp\/v2\/users\/1"}],"replies":[{"embeddable":true,"href":"https:\/\/dri.unse.edu.ar\/index.php?rest_route=%2Fwp%2Fv2%2Fcomments&post=237"}],"version-history":[{"count":20,"href":"https:\/\/dri.unse.edu.ar\/index.php?rest_route=\/wp\/v2\/pages\/237\/revisions"}],"predecessor-version":[{"id":1949,"href":"https:\/\/dri.unse.edu.ar\/index.php?rest_route=\/wp\/v2\/pages\/237\/revisions\/1949"}],"wp:attachment":[{"href":"https:\/\/dri.unse.edu.ar\/index.php?rest_route=%2Fwp%2Fv2%2Fmedia&parent=237"}],"curies":[{"name":"wp","href":"https:\/\/api.w.org\/{rel}","templated":true}]}}