{"id":1845,"date":"2024-09-02T15:11:55","date_gmt":"2024-09-02T18:11:55","guid":{"rendered":"https:\/\/dri.unse.edu.ar\/?page_id=1845"},"modified":"2024-09-02T15:11:55","modified_gmt":"2024-09-02T18:11:55","slug":"fullbright","status":"publish","type":"page","link":"https:\/\/dri.unse.edu.ar\/?page_id=1845","title":{"rendered":"Fullbright"},"content":{"rendered":"\n<p>La Comisi\u00f3n Fulbright en sociedad con el Ministerio de Educaci\u00f3n, Cultura, Ciencia y Tecnolog\u00eda y la Embajada de los Estados Unidos han abierto dos convocatorias para becas Friends of Fulbright. Mientras que la convocatoria con el MECCyT estar\u00e1 abierta hasta el 5 de agosto pr\u00f3ximo, la convocatoria organizada conjuntamente con la Embajada de los Estados Unidos permanecer\u00e1 abierta hasta el 15 de agosto de 2019. Ambas convocatorias est\u00e1n dirigidas a estudiantes destacados de la educaci\u00f3n superior terciaria o universitaria de Argentina.&nbsp;<\/p>\n\n\n\n<p>Encontr\u00e1&nbsp;toda la informaci\u00f3n sobre la beca Friends of Fulbright en conjunto con el Ministerio de Educaci\u00f3n, Cultura, Ciencia y Tecnolog\u00eda aqu\u00ed:&nbsp;<a href=\"https:\/\/bit.ly\/2sUjCZC\" target=\"_blank\" rel=\"noreferrer noopener\">https:\/\/bit.ly\/2sUjCZC<\/a><\/p>\n\n\n\n<p>Encontr\u00e1&nbsp;toda la informaci\u00f3n sobre la beca Friends of Fulbright en conjunto con la Embajada de los Estados Unidos en Argentina aqu\u00ed:&nbsp;<a href=\"https:\/\/bit.ly\/2WMQ6Di\" target=\"_blank\" rel=\"noreferrer noopener\">https:\/\/bit.ly\/2WMQ6Di<\/a><\/p>\n","protected":false},"excerpt":{"rendered":"<p>La Comisi\u00f3n Fulbright en sociedad con el Ministerio de Educaci\u00f3n, Cultura, Ciencia y Tecnolog\u00eda y la Embajada de los Estados Unidos han abierto dos convocatorias para becas Friends of Fulbright. Mientras que la convocatoria con el MECCyT estar\u00e1 abierta hasta el 5 de agosto pr\u00f3ximo, la convocatoria organizada conjuntamente con la Embajada de los Estados [&hellip;]<\/p>\n","protected":false},"author":1,"featured_media":0,"parent":0,"menu_order":0,"comment_status":"closed","ping_status":"closed","template":"","meta":{"_et_pb_use_builder":"off","_et_pb_old_content":"","_et_gb_content_width":"","footnotes":""},"class_list":["post-1845","page","type-page","status-publish","hentry"],"yoast_head":"<!-- This site is optimized with the Yoast SEO plugin v23.7 - https:\/\/yoast.com\/wordpress\/plugins\/seo\/ -->\n<title>Fullbright - Relaciones Internacionales UNSE<\/title>\n<meta name=\"robots\" content=\"index, follow, max-snippet:-1, max-image-preview:large, max-video-preview:-1\" \/>\n<link rel=\"canonical\" href=\"https:\/\/dri.unse.edu.ar\/?page_id=1845\" \/>\n<meta property=\"og:locale\" content=\"es_ES\" \/>\n<meta property=\"og:type\" content=\"article\" \/>\n<meta property=\"og:title\" content=\"Fullbright - Relaciones Internacionales UNSE\" \/>\n<meta property=\"og:description\" content=\"La Comisi\u00f3n Fulbright en sociedad con el Ministerio de Educaci\u00f3n, Cultura, Ciencia y Tecnolog\u00eda y la Embajada de los Estados Unidos han abierto dos convocatorias para becas Friends of Fulbright. Mientras que la convocatoria con el MECCyT estar\u00e1 abierta hasta el 5 de agosto pr\u00f3ximo, la convocatoria organizada conjuntamente con la Embajada de los Estados [&hellip;]\" \/>\n<meta property=\"og:url\" content=\"https:\/\/dri.unse.edu.ar\/?page_id=1845\" \/>\n<meta property=\"og:site_name\" content=\"Relaciones Internacionales UNSE\" \/>\n<meta name=\"twitter:card\" content=\"summary_large_image\" \/>\n<meta name=\"twitter:label1\" content=\"Tiempo de lectura\" \/>\n\t<meta name=\"twitter:data1\" content=\"1 minuto\" \/>\n<script type=\"application\/ld+json\" class=\"yoast-schema-graph\">{\"@context\":\"https:\/\/schema.org\",\"@graph\":[{\"@type\":\"WebPage\",\"@id\":\"https:\/\/dri.unse.edu.ar\/?page_id=1845\",\"url\":\"https:\/\/dri.unse.edu.ar\/?page_id=1845\",\"name\":\"Fullbright - Relaciones Internacionales UNSE\",\"isPartOf\":{\"@id\":\"https:\/\/dri.unse.edu.ar\/#website\"},\"datePublished\":\"2024-09-02T18:11:55+00:00\",\"dateModified\":\"2024-09-02T18:11:55+00:00\",\"breadcrumb\":{\"@id\":\"https:\/\/dri.unse.edu.ar\/?page_id=1845#breadcrumb\"},\"inLanguage\":\"es-AR\",\"potentialAction\":[{\"@type\":\"ReadAction\",\"target\":[\"https:\/\/dri.unse.edu.ar\/?page_id=1845\"]}]},{\"@type\":\"BreadcrumbList\",\"@id\":\"https:\/\/dri.unse.edu.ar\/?page_id=1845#breadcrumb\",\"itemListElement\":[{\"@type\":\"ListItem\",\"position\":1,\"name\":\"Inicio\",\"item\":\"https:\/\/dri.unse.edu.ar\/\"},{\"@type\":\"ListItem\",\"position\":2,\"name\":\"Fullbright\"}]},{\"@type\":\"WebSite\",\"@id\":\"https:\/\/dri.unse.edu.ar\/#website\",\"url\":\"https:\/\/dri.unse.edu.ar\/\",\"name\":\"Relaciones Internacionales UNSE\",\"description\":\"\",\"publisher\":{\"@id\":\"https:\/\/dri.unse.edu.ar\/#organization\"},\"potentialAction\":[{\"@type\":\"SearchAction\",\"target\":{\"@type\":\"EntryPoint\",\"urlTemplate\":\"https:\/\/dri.unse.edu.ar\/?s={search_term_string}\"},\"query-input\":{\"@type\":\"PropertyValueSpecification\",\"valueRequired\":true,\"valueName\":\"search_term_string\"}}],\"inLanguage\":\"es-AR\"},{\"@type\":\"Organization\",\"@id\":\"https:\/\/dri.unse.edu.ar\/#organization\",\"name\":\"Universidad Nacional de Santiago del Estero\",\"url\":\"https:\/\/dri.unse.edu.ar\/\",\"logo\":{\"@type\":\"ImageObject\",\"inLanguage\":\"es-AR\",\"@id\":\"https:\/\/dri.unse.edu.ar\/#\/schema\/logo\/image\/\",\"url\":\"https:\/\/dri.unse.edu.ar\/wp-content\/uploads\/2019\/03\/logo-3.png\",\"contentUrl\":\"https:\/\/dri.unse.edu.ar\/wp-content\/uploads\/2019\/03\/logo-3.png\",\"width\":816,\"height\":882,\"caption\":\"Universidad Nacional de Santiago del Estero\"},\"image\":{\"@id\":\"https:\/\/dri.unse.edu.ar\/#\/schema\/logo\/image\/\"}}]}<\/script>\n<!-- \/ Yoast SEO plugin. -->","yoast_head_json":{"title":"Fullbright - Relaciones Internacionales UNSE","robots":{"index":"index","follow":"follow","max-snippet":"max-snippet:-1","max-image-preview":"max-image-preview:large","max-video-preview":"max-video-preview:-1"},"canonical":"https:\/\/dri.unse.edu.ar\/?page_id=1845","og_locale":"es_ES","og_type":"article","og_title":"Fullbright - Relaciones Internacionales UNSE","og_description":"La Comisi\u00f3n Fulbright en sociedad con el Ministerio de Educaci\u00f3n, Cultura, Ciencia y Tecnolog\u00eda y la Embajada de los Estados Unidos han abierto dos convocatorias para becas Friends of Fulbright. Mientras que la convocatoria con el MECCyT estar\u00e1 abierta hasta el 5 de agosto pr\u00f3ximo, la convocatoria organizada conjuntamente con la Embajada de los Estados [&hellip;]","og_url":"https:\/\/dri.unse.edu.ar\/?page_id=1845","og_site_name":"Relaciones Internacionales UNSE","twitter_card":"summary_large_image","twitter_misc":{"Tiempo de lectura":"1 minuto"},"schema":{"@context":"https:\/\/schema.org","@graph":[{"@type":"WebPage","@id":"https:\/\/dri.unse.edu.ar\/?page_id=1845","url":"https:\/\/dri.unse.edu.ar\/?page_id=1845","name":"Fullbright - Relaciones Internacionales UNSE","isPartOf":{"@id":"https:\/\/dri.unse.edu.ar\/#website"},"datePublished":"2024-09-02T18:11:55+00:00","dateModified":"2024-09-02T18:11:55+00:00","breadcrumb":{"@id":"https:\/\/dri.unse.edu.ar\/?page_id=1845#breadcrumb"},"inLanguage":"es-AR","potentialAction":[{"@type":"ReadAction","target":["https:\/\/dri.unse.edu.ar\/?page_id=1845"]}]},{"@type":"BreadcrumbList","@id":"https:\/\/dri.unse.edu.ar\/?page_id=1845#breadcrumb","itemListElement":[{"@type":"ListItem","position":1,"name":"Inicio","item":"https:\/\/dri.unse.edu.ar\/"},{"@type":"ListItem","position":2,"name":"Fullbright"}]},{"@type":"WebSite","@id":"https:\/\/dri.unse.edu.ar\/#website","url":"https:\/\/dri.unse.edu.ar\/","name":"Relaciones Internacionales UNSE","description":"","publisher":{"@id":"https:\/\/dri.unse.edu.ar\/#organization"},"potentialAction":[{"@type":"SearchAction","target":{"@type":"EntryPoint","urlTemplate":"https:\/\/dri.unse.edu.ar\/?s={search_term_string}"},"query-input":{"@type":"PropertyValueSpecification","valueRequired":true,"valueName":"search_term_string"}}],"inLanguage":"es-AR"},{"@type":"Organization","@id":"https:\/\/dri.unse.edu.ar\/#organization","name":"Universidad Nacional de Santiago del Estero","url":"https:\/\/dri.unse.edu.ar\/","logo":{"@type":"ImageObject","inLanguage":"es-AR","@id":"https:\/\/dri.unse.edu.ar\/#\/schema\/logo\/image\/","url":"https:\/\/dri.unse.edu.ar\/wp-content\/uploads\/2019\/03\/logo-3.png","contentUrl":"https:\/\/dri.unse.edu.ar\/wp-content\/uploads\/2019\/03\/logo-3.png","width":816,"height":882,"caption":"Universidad Nacional de Santiago del Estero"},"image":{"@id":"https:\/\/dri.unse.edu.ar\/#\/schema\/logo\/image\/"}}]}},"_links":{"self":[{"href":"https:\/\/dri.unse.edu.ar\/index.php?rest_route=\/wp\/v2\/pages\/1845"}],"collection":[{"href":"https:\/\/dri.unse.edu.ar\/index.php?rest_route=\/wp\/v2\/pages"}],"about":[{"href":"https:\/\/dri.unse.edu.ar\/index.php?rest_route=\/wp\/v2\/types\/page"}],"author":[{"embeddable":true,"href":"https:\/\/dri.unse.edu.ar\/index.php?rest_route=\/wp\/v2\/users\/1"}],"replies":[{"embeddable":true,"href":"https:\/\/dri.unse.edu.ar\/index.php?rest_route=%2Fwp%2Fv2%2Fcomments&post=1845"}],"version-history":[{"count":1,"href":"https:\/\/dri.unse.edu.ar\/index.php?rest_route=\/wp\/v2\/pages\/1845\/revisions"}],"predecessor-version":[{"id":1846,"href":"https:\/\/dri.unse.edu.ar\/index.php?rest_route=\/wp\/v2\/pages\/1845\/revisions\/1846"}],"wp:attachment":[{"href":"https:\/\/dri.unse.edu.ar\/index.php?rest_route=%2Fwp%2Fv2%2Fmedia&parent=1845"}],"curies":[{"name":"wp","href":"https:\/\/api.w.org\/{rel}","templated":true}]}}